{"id":8,"date":"2020-02-01T18:59:40","date_gmt":"2020-02-01T18:59:40","guid":{"rendered":"https:\/\/weebly.com.ar\/demo6\/about-us\/"},"modified":"2025-11-24T13:50:45","modified_gmt":"2025-11-24T13:50:45","slug":"quienes-somos","status":"publish","type":"page","link":"https:\/\/weebly.com.ar\/demo6\/quienes-somos\/","title":{"rendered":"Quienes somos"},"content":{"rendered":"\t\t<div data-elementor-type=\"wp-page\" data-elementor-id=\"8\" class=\"elementor elementor-8\">\n\t\t\t\t<div class=\"elementor-element elementor-element-caefbd9 e-flex e-con-boxed e-con e-parent\" data-id=\"caefbd9\" data-element_type=\"container\" data-e-type=\"container\" data-settings=\"{&quot;background_background&quot;:&quot;classic&quot;}\">\n\t\t\t\t\t<div class=\"e-con-inner\">\n\t\t<div class=\"elementor-element elementor-element-47b8fd8 e-con-full e-flex e-con e-child\" data-id=\"47b8fd8\" data-element_type=\"container\" data-e-type=\"container\">\n\t\t\t\t<div class=\"elementor-element elementor-element-421b8b9 elementor-widget elementor-widget-heading\" data-id=\"421b8b9\" data-element_type=\"widget\" data-e-type=\"widget\" data-widget_type=\"heading.default\">\n\t\t\t\t<div class=\"elementor-widget-container\">\n\t\t\t\t\t<h1 class=\"elementor-heading-title elementor-size-default\">Quienes somos<\/h1>\t\t\t\t<\/div>\n\t\t\t\t<\/div>\n\t\t\t\t<div class=\"elementor-element elementor-element-18b0823 elementor-widget elementor-widget-text-editor\" data-id=\"18b0823\" data-element_type=\"widget\" data-e-type=\"widget\" data-widget_type=\"text-editor.default\">\n\t\t\t\t<div class=\"elementor-widget-container\">\n\t\t\t\t\t\t\t\t\tConocemos el negocio de las semillas desde adentro: experiencia, tecnolog\u00eda y gesti\u00f3n para asegurar operaciones sin interrupciones.\t\t\t\t\t\t\t\t<\/div>\n\t\t\t\t<\/div>\n\t\t\t\t<\/div>\n\t\t\t\t\t<\/div>\n\t\t\t\t<\/div>\n\t\t<div class=\"elementor-element elementor-element-812d796 e-flex e-con-boxed e-con e-parent\" data-id=\"812d796\" data-element_type=\"container\" data-e-type=\"container\" data-settings=\"{&quot;background_background&quot;:&quot;gradient&quot;}\">\n\t\t\t\t\t<div class=\"e-con-inner\">\n\t\t<div class=\"elementor-element elementor-element-06e3366 e-con-full eael_liquid_glass_shadow-effect4 e-flex eael_liquid_glass-effect1 e-con e-child\" data-id=\"06e3366\" data-element_type=\"container\" data-e-type=\"container\" data-settings=\"{&quot;background_background&quot;:&quot;classic&quot;}\">\n\t\t\t\t<\/div>\n\t\t<div class=\"elementor-element elementor-element-3e789fe e-con-full e-flex e-con e-child\" data-id=\"3e789fe\" data-element_type=\"container\" data-e-type=\"container\">\n\t\t\t\t<div class=\"elementor-element elementor-element-d28bd84 elementor-widget elementor-widget-heading\" data-id=\"d28bd84\" data-element_type=\"widget\" data-e-type=\"widget\" data-widget_type=\"heading.default\">\n\t\t\t\t<div class=\"elementor-widget-container\">\n\t\t\t\t\t<h3 class=\"elementor-heading-title elementor-size-default\">La calidad <\/br>como meta.<\/h3>\t\t\t\t<\/div>\n\t\t\t\t<\/div>\n\t\t\t\t<div class=\"elementor-element elementor-element-08dcc1c elementor-widget-divider--separator-type-pattern elementor-widget-divider--view-line elementor-widget elementor-widget-divider\" data-id=\"08dcc1c\" data-element_type=\"widget\" data-e-type=\"widget\" data-widget_type=\"divider.default\">\n\t\t\t\t<div class=\"elementor-widget-container\">\n\t\t\t\t\t\t\t<div class=\"elementor-divider\" style=\"--divider-pattern-url: url(&quot;data:image\/svg+xml,%3Csvg xmlns=&#039;http:\/\/www.w3.org\/2000\/svg&#039; preserveAspectRatio=&#039;none&#039; overflow=&#039;visible&#039; height=&#039;100%&#039; viewBox=&#039;0 0 24 24&#039; fill=&#039;black&#039; stroke=&#039;none&#039;%3E%3Cpolygon points=&#039;9.4,2 24,2 14.6,21.6 0,21.6&#039;\/%3E%3C\/svg%3E&quot;);\">\n\t\t\t<span class=\"elementor-divider-separator\">\n\t\t\t\t\t\t<\/span>\n\t\t<\/div>\n\t\t\t\t\t\t<\/div>\n\t\t\t\t<\/div>\n\t\t\t\t<div class=\"elementor-element elementor-element-80ddd6b elementor-widget elementor-widget-text-editor\" data-id=\"80ddd6b\" data-element_type=\"widget\" data-e-type=\"widget\" data-widget_type=\"text-editor.default\">\n\t\t\t\t<div class=\"elementor-widget-container\">\n\t\t\t\t\t\t\t\t\t<div class=\"elementor-element elementor-element-44357a0 elementor-widget elementor-widget-text-editor\" data-id=\"44357a0\" data-element_type=\"widget\" data-widget_type=\"text-editor.default\"><p><strong>Misi\u00f3n<\/strong><\/p><p>Brindar soluciones log\u00edsticas especializadas para el mercado semillero, basadas en tecnolog\u00eda, trazabilidad y excelencia operativa.<\/p><\/div><div class=\"elementor-element elementor-element-d209a81 elementor-widget-divider--view-line elementor-widget elementor-widget-divider\" data-id=\"d209a81\" data-element_type=\"widget\" data-widget_type=\"divider.default\"><div class=\"elementor-divider\">\u00a0<\/div><\/div><div class=\"elementor-element elementor-element-94d3a4c elementor-widget elementor-widget-text-editor\" data-id=\"94d3a4c\" data-element_type=\"widget\" data-widget_type=\"text-editor.default\"><p><strong>Visi\u00f3n<\/strong><\/p><p>Ser el operador log\u00edstico de referencia del sector agr\u00edcola en Argentina, reconocido por su eficiencia, innovaci\u00f3n y confiabilidad.<\/p><\/div><div class=\"elementor-element elementor-element-6298d2d elementor-widget-divider--view-line elementor-widget elementor-widget-divider\" data-id=\"6298d2d\" data-element_type=\"widget\" data-widget_type=\"divider.default\"><div class=\"elementor-divider\">\u00a0<\/div><\/div><div class=\"elementor-element elementor-element-a1cc960 elementor-widget elementor-widget-text-editor\" data-id=\"a1cc960\" data-element_type=\"widget\" data-widget_type=\"text-editor.default\"><p><strong>Valores<\/strong><\/p><ul><li>Valores<\/li><li>Compromiso<\/li><li>Transparencia<\/li><li>Precisi\u00f3n<\/li><li>Innovaci\u00f3n constante<\/li><li>Servicio al cliente<\/li><\/ul><\/div>\t\t\t\t\t\t\t\t<\/div>\n\t\t\t\t<\/div>\n\t\t\t\t<div class=\"elementor-element elementor-element-bef10ba elementor-absolute elementor-widget elementor-widget-image\" data-id=\"bef10ba\" data-element_type=\"widget\" data-e-type=\"widget\" data-settings=\"{&quot;_position&quot;:&quot;absolute&quot;}\" data-widget_type=\"image.default\">\n\t\t\t\t<div class=\"elementor-widget-container\">\n\t\t\t\t\t\t\t\t\t\t\t\t\t\t\t<img fetchpriority=\"high\" decoding=\"async\" width=\"562\" height=\"448\" src=\"https:\/\/weebly.com.ar\/demo6\/wp-content\/uploads\/2025\/11\/semilla.webp\" class=\"attachment-large size-large wp-image-3947\" alt=\"\" srcset=\"https:\/\/weebly.com.ar\/demo6\/wp-content\/uploads\/2025\/11\/semilla.webp 562w, https:\/\/weebly.com.ar\/demo6\/wp-content\/uploads\/2025\/11\/semilla-300x239.webp 300w\" sizes=\"(max-width: 562px) 100vw, 562px\" \/>\t\t\t\t\t\t\t\t\t\t\t\t\t\t\t<\/div>\n\t\t\t\t<\/div>\n\t\t\t\t<\/div>\n\t\t\t\t\t<\/div>\n\t\t\t\t<\/div>\n\t\t<div class=\"elementor-element elementor-element-7f3ed54 e-flex e-con-boxed e-con e-parent\" data-id=\"7f3ed54\" data-element_type=\"container\" data-e-type=\"container\">\n\t\t\t\t\t<div class=\"e-con-inner\">\n\t\t<div class=\"elementor-element elementor-element-7fd6381 e-con-full eael_liquid_glass_shadow-effect4 e-flex eael_liquid_glass-effect1 e-con e-child\" data-id=\"7fd6381\" data-element_type=\"container\" data-e-type=\"container\" data-settings=\"{&quot;background_background&quot;:&quot;classic&quot;}\">\n\t\t\t\t<\/div>\n\t\t<div class=\"elementor-element elementor-element-8f0e3b0 e-con-full e-flex e-con e-child\" data-id=\"8f0e3b0\" data-element_type=\"container\" data-e-type=\"container\">\n\t\t\t\t<div class=\"elementor-element elementor-element-573ec25 elementor-widget elementor-widget-heading\" data-id=\"573ec25\" data-element_type=\"widget\" data-e-type=\"widget\" data-widget_type=\"heading.default\">\n\t\t\t\t<div class=\"elementor-widget-container\">\n\t\t\t\t\t<h4 class=\"elementor-heading-title elementor-size-default\">Konstruc S.R.L. naci\u00f3 hace 25 a\u00f1os como una empresa familiar dedicada al almacenamiento de granos y gesti\u00f3n log\u00edstica rural.<\/h4>\t\t\t\t<\/div>\n\t\t\t\t<\/div>\n\t\t\t\t<div class=\"elementor-element elementor-element-7ed4d43 elementor-widget elementor-widget-text-editor\" data-id=\"7ed4d43\" data-element_type=\"widget\" data-e-type=\"widget\" data-widget_type=\"text-editor.default\">\n\t\t\t\t<div class=\"elementor-widget-container\">\n\t\t\t\t\t\t\t\t\t<p data-start=\"2179\" data-end=\"2531\">Con el crecimiento del mercado semillero y la profesionalizaci\u00f3n del sector agropecuario, la compa\u00f1\u00eda identific\u00f3 una oportunidad estrat\u00e9gica: desarrollar un \u00e1rea especializada en log\u00edstica y warehouse para semillas certificadas.<\/p><p data-start=\"2533\" data-end=\"2915\">As\u00ed naci\u00f3\u00a0<strong data-start=\"2543\" data-end=\"2567\">Konstruct L &amp; W<\/strong>, una unidad de negocio dise\u00f1ada para ofrecer servicios de alta precisi\u00f3n, trazabilidad total y control avanzado de cada etapa log\u00edstica. A trav\u00e9s de la incorporaci\u00f3n de tecnolog\u00eda de punta \u2014como sistemas WMS, ERP integrados y herramientas digitales de control de lotes\u2014 la empresa consolid\u00f3 un modelo operativo eficiente, transparente y confiable.<\/p><p data-start=\"2917\" data-end=\"3168\">Hoy, Konstruct L &amp; W es un aliado estrat\u00e9gico para productores, semilleros, acopios y empresas de agroinsumos, brindando soluciones log\u00edsticas a gran escala con dep\u00f3sitos propios, certificaciones IRAM y un equipo profesional altamente capacitado.<\/p>\t\t\t\t\t\t\t\t<\/div>\n\t\t\t\t<\/div>\n\t\t\t\t<\/div>\n\t\t\t\t\t<\/div>\n\t\t\t\t<\/div>\n\t\t<div class=\"elementor-element elementor-element-6156c2d e-flex e-con-boxed e-con e-parent\" data-id=\"6156c2d\" data-element_type=\"container\" data-e-type=\"container\" data-settings=\"{&quot;background_background&quot;:&quot;classic&quot;}\">\n\t\t\t\t\t<div class=\"e-con-inner\">\n\t\t<div class=\"elementor-element elementor-element-e2d76a9 e-con-full eael_liquid_glass_shadow-effect4 e-flex eael_liquid_glass-effect1 e-con e-child\" data-id=\"e2d76a9\" data-element_type=\"container\" data-e-type=\"container\">\n\t\t\t\t<div class=\"elementor-element elementor-element-1c59553 elementor-view-stacked elementor-position-inline-start elementor-shape-circle elementor-mobile-position-block-start elementor-widget elementor-widget-icon-box\" data-id=\"1c59553\" data-element_type=\"widget\" data-e-type=\"widget\" data-widget_type=\"icon-box.default\">\n\t\t\t\t<div class=\"elementor-widget-container\">\n\t\t\t\t\t\t\t<div class=\"elementor-icon-box-wrapper\">\n\n\t\t\t\t\t\t<div class=\"elementor-icon-box-icon\">\n\t\t\t\t<span  class=\"elementor-icon\">\n\t\t\t\t<i aria-hidden=\"true\" class=\"fas fa-crown\"><\/i>\t\t\t\t<\/span>\n\t\t\t<\/div>\n\t\t\t\n\t\t\t\t\t\t<div class=\"elementor-icon-box-content\">\n\n\t\t\t\t\t\t\t\t\t<h5 class=\"elementor-icon-box-title\">\n\t\t\t\t\t\t<span  >\n\t\t\t\t\t\t\tLiderazgo tecnol\u00f3gico\t\t\t\t\t\t<\/span>\n\t\t\t\t\t<\/h5>\n\t\t\t\t\n\t\t\t\t\t\t\t\t\t<p class=\"elementor-icon-box-description\">\n\t\t\t\t\t\tLorem ipsum dolor sit amet, consectetur adipiscing elit. Ut elit tellus, luctus nec ullamcorper.\t\t\t\t\t<\/p>\n\t\t\t\t\n\t\t\t<\/div>\n\t\t\t\n\t\t<\/div>\n\t\t\t\t\t\t<\/div>\n\t\t\t\t<\/div>\n\t\t\t\t<\/div>\n\t\t<div class=\"elementor-element elementor-element-19297b4 e-con-full eael_liquid_glass_shadow-effect4 e-flex eael_liquid_glass-effect1 e-con e-child\" data-id=\"19297b4\" data-element_type=\"container\" data-e-type=\"container\">\n\t\t\t\t<div class=\"elementor-element elementor-element-85a9927 elementor-view-stacked elementor-position-inline-start elementor-shape-circle elementor-mobile-position-block-start elementor-widget elementor-widget-icon-box\" data-id=\"85a9927\" data-element_type=\"widget\" data-e-type=\"widget\" data-widget_type=\"icon-box.default\">\n\t\t\t\t<div class=\"elementor-widget-container\">\n\t\t\t\t\t\t\t<div class=\"elementor-icon-box-wrapper\">\n\n\t\t\t\t\t\t<div class=\"elementor-icon-box-icon\">\n\t\t\t\t<span  class=\"elementor-icon\">\n\t\t\t\t<i aria-hidden=\"true\" class=\"fas fa-shield-alt\"><\/i>\t\t\t\t<\/span>\n\t\t\t<\/div>\n\t\t\t\n\t\t\t\t\t\t<div class=\"elementor-icon-box-content\">\n\n\t\t\t\t\t\t\t\t\t<h5 class=\"elementor-icon-box-title\">\n\t\t\t\t\t\t<span  >\n\t\t\t\t\t\t\tConfianza\t\t\t\t\t\t<\/span>\n\t\t\t\t\t<\/h5>\n\t\t\t\t\n\t\t\t\t\t\t\t\t\t<p class=\"elementor-icon-box-description\">\n\t\t\t\t\t\tLorem ipsum dolor sit amet, consectetur adipiscing elit. Ut elit tellus, luctus nec ullamcorper.\t\t\t\t\t<\/p>\n\t\t\t\t\n\t\t\t<\/div>\n\t\t\t\n\t\t<\/div>\n\t\t\t\t\t\t<\/div>\n\t\t\t\t<\/div>\n\t\t\t\t<\/div>\n\t\t<div class=\"elementor-element elementor-element-74139ea e-con-full eael_liquid_glass_shadow-effect4 e-flex eael_liquid_glass-effect1 e-con e-child\" data-id=\"74139ea\" data-element_type=\"container\" data-e-type=\"container\">\n\t\t\t\t<div class=\"elementor-element elementor-element-c06c6a2 elementor-view-stacked elementor-position-inline-start elementor-shape-circle elementor-mobile-position-block-start elementor-widget elementor-widget-icon-box\" data-id=\"c06c6a2\" data-element_type=\"widget\" data-e-type=\"widget\" data-widget_type=\"icon-box.default\">\n\t\t\t\t<div class=\"elementor-widget-container\">\n\t\t\t\t\t\t\t<div class=\"elementor-icon-box-wrapper\">\n\n\t\t\t\t\t\t<div class=\"elementor-icon-box-icon\">\n\t\t\t\t<span  class=\"elementor-icon\">\n\t\t\t\t<i aria-hidden=\"true\" class=\"fas fa-people-carry\"><\/i>\t\t\t\t<\/span>\n\t\t\t<\/div>\n\t\t\t\n\t\t\t\t\t\t<div class=\"elementor-icon-box-content\">\n\n\t\t\t\t\t\t\t\t\t<h5 class=\"elementor-icon-box-title\">\n\t\t\t\t\t\t<span  >\n\t\t\t\t\t\t\tTrabajo en equipo\t\t\t\t\t\t<\/span>\n\t\t\t\t\t<\/h5>\n\t\t\t\t\n\t\t\t\t\t\t\t\t\t<p class=\"elementor-icon-box-description\">\n\t\t\t\t\t\tLorem ipsum dolor sit amet, consectetur adipiscing elit. Ut elit tellus, luctus nec ullamcorper.\t\t\t\t\t<\/p>\n\t\t\t\t\n\t\t\t<\/div>\n\t\t\t\n\t\t<\/div>\n\t\t\t\t\t\t<\/div>\n\t\t\t\t<\/div>\n\t\t\t\t<\/div>\n\t\t\t\t\t<\/div>\n\t\t\t\t<\/div>\n\t\t\t\t<\/div>\n\t\t","protected":false},"excerpt":{"rendered":"<p>Quienes somos Conocemos el negocio de las semillas desde adentro: experiencia, tecnolog\u00eda y gesti\u00f3n para asegurar operaciones sin interrupciones. La calidad como meta. Misi\u00f3n Brindar soluciones log\u00edsticas especializadas para el mercado semillero, basadas en tecnolog\u00eda, trazabilidad y excelencia operativa. \u00a0 Visi\u00f3n Ser el operador log\u00edstico de referencia del sector agr\u00edcola en Argentina, reconocido por su [&hellip;]<\/p>\n","protected":false},"author":2,"featured_media":0,"parent":0,"menu_order":0,"comment_status":"closed","ping_status":"closed","template":"","meta":{"site-sidebar-layout":"no-sidebar","site-content-layout":"page-builder","ast-site-content-layout":"default","site-content-style":"default","site-sidebar-style":"default","ast-global-header-display":"","ast-banner-title-visibility":"","ast-main-header-display":"","ast-hfb-above-header-display":"","ast-hfb-below-header-display":"","ast-hfb-mobile-header-display":"","site-post-title":"disabled","ast-breadcrumbs-content":"disabled","ast-featured-img":"disabled","footer-sml-layout":"","ast-disable-related-posts":"","theme-transparent-header-meta":"enabled","adv-header-id-meta":"","stick-header-meta":"","header-above-stick-meta":"","header-main-stick-meta":"","header-below-stick-meta":"","astra-migrate-meta-layouts":"default","ast-page-background-enabled":"default","ast-page-background-meta":{"desktop":{"background-color":"var(--ast-global-color-4)","background-image":"","background-repeat":"repeat","background-position":"center center","background-size":"auto","background-attachment":"scroll","background-type":"","background-media":"","overlay-type":"","overlay-color":"","overlay-opacity":"","overlay-gradient":""},"tablet":{"background-color":"","background-image":"","background-repeat":"repeat","background-position":"center center","background-size":"auto","background-attachment":"scroll","background-type":"","background-media":"","overlay-type":"","overlay-color":"","overlay-opacity":"","overlay-gradient":""},"mobile":{"background-color":"","background-image":"","background-repeat":"repeat","background-position":"center center","background-size":"auto","background-attachment":"scroll","background-type":"","background-media":"","overlay-type":"","overlay-color":"","overlay-opacity":"","overlay-gradient":""}},"ast-content-background-meta":{"desktop":{"background-color":"var(--ast-global-color-5)","background-image":"","background-repeat":"repeat","background-position":"center center","background-size":"auto","background-attachment":"scroll","background-type":"","background-media":"","overlay-type":"","overlay-color":"","overlay-opacity":"","overlay-gradient":""},"tablet":{"background-color":"var(--ast-global-color-5)","background-image":"","background-repeat":"repeat","background-position":"center center","background-size":"auto","background-attachment":"scroll","background-type":"","background-media":"","overlay-type":"","overlay-color":"","overlay-opacity":"","overlay-gradient":""},"mobile":{"background-color":"var(--ast-global-color-5)","background-image":"","background-repeat":"repeat","background-position":"center center","background-size":"auto","background-attachment":"scroll","background-type":"","background-media":"","overlay-type":"","overlay-color":"","overlay-opacity":"","overlay-gradient":""}},"footnotes":""},"class_list":["post-8","page","type-page","status-publish","hentry"],"_links":{"self":[{"href":"https:\/\/weebly.com.ar\/demo6\/wp-json\/wp\/v2\/pages\/8","targetHints":{"allow":["GET"]}}],"collection":[{"href":"https:\/\/weebly.com.ar\/demo6\/wp-json\/wp\/v2\/pages"}],"about":[{"href":"https:\/\/weebly.com.ar\/demo6\/wp-json\/wp\/v2\/types\/page"}],"author":[{"embeddable":true,"href":"https:\/\/weebly.com.ar\/demo6\/wp-json\/wp\/v2\/users\/2"}],"replies":[{"embeddable":true,"href":"https:\/\/weebly.com.ar\/demo6\/wp-json\/wp\/v2\/comments?post=8"}],"version-history":[{"count":56,"href":"https:\/\/weebly.com.ar\/demo6\/wp-json\/wp\/v2\/pages\/8\/revisions"}],"predecessor-version":[{"id":18875,"href":"https:\/\/weebly.com.ar\/demo6\/wp-json\/wp\/v2\/pages\/8\/revisions\/18875"}],"wp:attachment":[{"href":"https:\/\/weebly.com.ar\/demo6\/wp-json\/wp\/v2\/media?parent=8"}],"curies":[{"name":"wp","href":"https:\/\/api.w.org\/{rel}","templated":true}]}}