{"id":18830,"date":"2025-11-24T12:47:12","date_gmt":"2025-11-24T12:47:12","guid":{"rendered":"https:\/\/weebly.com.ar\/demo6\/?page_id=18830"},"modified":"2025-11-24T13:47:16","modified_gmt":"2025-11-24T13:47:16","slug":"semillas-que-operamos","status":"publish","type":"page","link":"https:\/\/weebly.com.ar\/demo6\/semillas-que-operamos\/","title":{"rendered":"Semillas que operamos"},"content":{"rendered":"\t\t<div data-elementor-type=\"wp-page\" data-elementor-id=\"18830\" class=\"elementor elementor-18830\">\n\t\t\t\t<div class=\"elementor-element elementor-element-15312e2 e-flex e-con-boxed e-con e-parent\" data-id=\"15312e2\" data-element_type=\"container\" data-e-type=\"container\" data-settings=\"{&quot;background_background&quot;:&quot;classic&quot;}\">\n\t\t\t\t\t<div class=\"e-con-inner\">\n\t\t<div class=\"elementor-element elementor-element-567b2c6 e-con-full e-flex e-con e-child\" data-id=\"567b2c6\" data-element_type=\"container\" data-e-type=\"container\">\n\t\t\t\t<div class=\"elementor-element elementor-element-82bb9d8 elementor-widget elementor-widget-heading\" data-id=\"82bb9d8\" data-element_type=\"widget\" data-e-type=\"widget\" data-widget_type=\"heading.default\">\n\t\t\t\t<div class=\"elementor-widget-container\">\n\t\t\t\t\t<h1 class=\"elementor-heading-title elementor-size-default\">Operamos semillas con precisi\u00f3n, calidad y trazabilidad.\n<\/h1>\t\t\t\t<\/div>\n\t\t\t\t<\/div>\n\t\t\t\t<\/div>\n\t\t\t\t\t<\/div>\n\t\t\t\t<\/div>\n\t\t<div class=\"elementor-element elementor-element-a2ed139 e-flex e-con-boxed e-con e-parent\" data-id=\"a2ed139\" data-element_type=\"container\" data-e-type=\"container\" data-settings=\"{&quot;background_background&quot;:&quot;classic&quot;}\">\n\t\t\t\t\t<div class=\"e-con-inner\">\n\t\t<div class=\"elementor-element elementor-element-d74c0a0 e-con-full e-flex e-con e-child\" data-id=\"d74c0a0\" data-element_type=\"container\" data-e-type=\"container\">\n\t\t\t\t<div class=\"elementor-element elementor-element-286bb1b elementor-widget elementor-widget-image\" data-id=\"286bb1b\" data-element_type=\"widget\" data-e-type=\"widget\" data-widget_type=\"image.default\">\n\t\t\t\t<div class=\"elementor-widget-container\">\n\t\t\t\t\t\t\t\t\t\t\t\t\t\t\t<img fetchpriority=\"high\" decoding=\"async\" width=\"600\" height=\"600\" src=\"https:\/\/weebly.com.ar\/demo6\/wp-content\/uploads\/2025\/11\/Nota-3.webp\" class=\"attachment-large size-large wp-image-18790\" alt=\"\" srcset=\"https:\/\/weebly.com.ar\/demo6\/wp-content\/uploads\/2025\/11\/Nota-3.webp 600w, https:\/\/weebly.com.ar\/demo6\/wp-content\/uploads\/2025\/11\/Nota-3-300x300.webp 300w, https:\/\/weebly.com.ar\/demo6\/wp-content\/uploads\/2025\/11\/Nota-3-150x150.webp 150w\" sizes=\"(max-width: 600px) 100vw, 600px\" \/>\t\t\t\t\t\t\t\t\t\t\t\t\t\t\t<\/div>\n\t\t\t\t<\/div>\n\t\t\t\t<div class=\"elementor-element elementor-element-19c9df1 elementor-widget elementor-widget-text-editor\" data-id=\"19c9df1\" data-element_type=\"widget\" data-e-type=\"widget\" data-widget_type=\"text-editor.default\">\n\t\t\t\t<div class=\"elementor-widget-container\">\n\t\t\t\t\t\t\t\t\t<p>Para m\u00e1s informaci\u00f3n leer nota en <a href=\"https:\/\/weebly.com.ar\/demo6\/alianza-estrategica-con-desarrolladores-de-software-tableros-de-seguimiento-mas-potentes\/\" target=\"_blank\" rel=\"noopener\">nuestro blog<\/a><\/p>\t\t\t\t\t\t\t\t<\/div>\n\t\t\t\t<\/div>\n\t\t\t\t<\/div>\n\t\t<div class=\"elementor-element elementor-element-70d0a63 e-con-full e-flex e-con e-child\" data-id=\"70d0a63\" data-element_type=\"container\" data-e-type=\"container\" data-settings=\"{&quot;background_background&quot;:&quot;classic&quot;}\">\n\t\t\t\t<div class=\"elementor-element elementor-element-e1df4f7 elementor-widget elementor-widget-heading\" data-id=\"e1df4f7\" data-element_type=\"widget\" data-e-type=\"widget\" data-widget_type=\"heading.default\">\n\t\t\t\t<div class=\"elementor-widget-container\">\n\t\t\t\t\t<h4 class=\"elementor-heading-title elementor-size-default\">Especialistas en el manejo y almac\u00e9n <\/br>de semillas certificadas<\/h4>\t\t\t\t<\/div>\n\t\t\t\t<\/div>\n\t\t\t\t<div class=\"elementor-element elementor-element-34325ad elementor-widget-divider--separator-type-pattern elementor-widget-divider--view-line elementor-widget elementor-widget-divider\" data-id=\"34325ad\" data-element_type=\"widget\" data-e-type=\"widget\" data-widget_type=\"divider.default\">\n\t\t\t\t<div class=\"elementor-widget-container\">\n\t\t\t\t\t\t\t<div class=\"elementor-divider\" style=\"--divider-pattern-url: url(&quot;data:image\/svg+xml,%3Csvg xmlns=&#039;http:\/\/www.w3.org\/2000\/svg&#039; preserveAspectRatio=&#039;none&#039; overflow=&#039;visible&#039; height=&#039;100%&#039; viewBox=&#039;0 0 24 24&#039; fill=&#039;black&#039; stroke=&#039;none&#039;%3E%3Cpolygon points=&#039;9.4,2 24,2 14.6,21.6 0,21.6&#039;\/%3E%3C\/svg%3E&quot;);\">\n\t\t\t<span class=\"elementor-divider-separator\">\n\t\t\t\t\t\t<\/span>\n\t\t<\/div>\n\t\t\t\t\t\t<\/div>\n\t\t\t\t<\/div>\n\t\t\t\t<div class=\"elementor-element elementor-element-0260792 elementor-widget elementor-widget-text-editor\" data-id=\"0260792\" data-element_type=\"widget\" data-e-type=\"widget\" data-widget_type=\"text-editor.default\">\n\t\t\t\t<div class=\"elementor-widget-container\">\n\t\t\t\t\t\t\t\t\t<div class=\"elementor-element elementor-element-1af80e9f elementor-widget elementor-widget-heading\" data-id=\"1af80e9f\" data-element_type=\"widget\" data-widget_type=\"heading.default\"><h3 class=\"elementor-heading-title elementor-size-default\"><span style=\"font-size: 16px;\">Operamos semillas de:<\/span><\/h3><\/div><div class=\"elementor-element elementor-element-23808a8d elementor-widget elementor-widget-text-editor\" data-id=\"23808a8d\" data-element_type=\"widget\" data-widget_type=\"text-editor.default\"><ul><li>Soja<\/li><li>Ma\u00edz<\/li><li>Trigo<\/li><li>Girasol<\/li><li>Forrajeras<\/li><li>H\u00edbridos espec\u00edficos<\/li><\/ul><\/div><p>.<\/p>\t\t\t\t\t\t\t\t<\/div>\n\t\t\t\t<\/div>\n\t\t\t\t<\/div>\n\t\t\t\t\t<\/div>\n\t\t\t\t<\/div>\n\t\t\t\t<\/div>\n\t\t","protected":false},"excerpt":{"rendered":"<p>Operamos semillas con precisi\u00f3n, calidad y trazabilidad. Para m\u00e1s informaci\u00f3n leer nota en nuestro blog Especialistas en el manejo y almac\u00e9n de semillas certificadas Operamos semillas de: Soja Ma\u00edz Trigo Girasol Forrajeras H\u00edbridos espec\u00edficos .<\/p>\n","protected":false},"author":2,"featured_media":0,"parent":0,"menu_order":0,"comment_status":"closed","ping_status":"closed","template":"","meta":{"site-sidebar-layout":"no-sidebar","site-content-layout":"page-builder","ast-site-content-layout":"default","site-content-style":"default","site-sidebar-style":"default","ast-global-header-display":"","ast-banner-title-visibility":"","ast-main-header-display":"","ast-hfb-above-header-display":"","ast-hfb-below-header-display":"","ast-hfb-mobile-header-display":"","site-post-title":"disabled","ast-breadcrumbs-content":"disabled","ast-featured-img":"disabled","footer-sml-layout":"","ast-disable-related-posts":"","theme-transparent-header-meta":"enabled","adv-header-id-meta":"","stick-header-meta":"","header-above-stick-meta":"","header-main-stick-meta":"","header-below-stick-meta":"","astra-migrate-meta-layouts":"set","ast-page-background-enabled":"default","ast-page-background-meta":{"desktop":{"background-color":"var(--ast-global-color-4)","background-image":"","background-repeat":"repeat","background-position":"center center","background-size":"auto","background-attachment":"scroll","background-type":"","background-media":"","overlay-type":"","overlay-color":"","overlay-opacity":"","overlay-gradient":""},"tablet":{"background-color":"","background-image":"","background-repeat":"repeat","background-position":"center center","background-size":"auto","background-attachment":"scroll","background-type":"","background-media":"","overlay-type":"","overlay-color":"","overlay-opacity":"","overlay-gradient":""},"mobile":{"background-color":"","background-image":"","background-repeat":"repeat","background-position":"center center","background-size":"auto","background-attachment":"scroll","background-type":"","background-media":"","overlay-type":"","overlay-color":"","overlay-opacity":"","overlay-gradient":""}},"ast-content-background-meta":{"desktop":{"background-color":"var(--ast-global-color-5)","background-image":"","background-repeat":"repeat","background-position":"center center","background-size":"auto","background-attachment":"scroll","background-type":"","background-media":"","overlay-type":"","overlay-color":"","overlay-opacity":"","overlay-gradient":""},"tablet":{"background-color":"var(--ast-global-color-5)","background-image":"","background-repeat":"repeat","background-position":"center center","background-size":"auto","background-attachment":"scroll","background-type":"","background-media":"","overlay-type":"","overlay-color":"","overlay-opacity":"","overlay-gradient":""},"mobile":{"background-color":"var(--ast-global-color-5)","background-image":"","background-repeat":"repeat","background-position":"center center","background-size":"auto","background-attachment":"scroll","background-type":"","background-media":"","overlay-type":"","overlay-color":"","overlay-opacity":"","overlay-gradient":""}},"footnotes":""},"class_list":["post-18830","page","type-page","status-publish","hentry"],"_links":{"self":[{"href":"https:\/\/weebly.com.ar\/demo6\/wp-json\/wp\/v2\/pages\/18830","targetHints":{"allow":["GET"]}}],"collection":[{"href":"https:\/\/weebly.com.ar\/demo6\/wp-json\/wp\/v2\/pages"}],"about":[{"href":"https:\/\/weebly.com.ar\/demo6\/wp-json\/wp\/v2\/types\/page"}],"author":[{"embeddable":true,"href":"https:\/\/weebly.com.ar\/demo6\/wp-json\/wp\/v2\/users\/2"}],"replies":[{"embeddable":true,"href":"https:\/\/weebly.com.ar\/demo6\/wp-json\/wp\/v2\/comments?post=18830"}],"version-history":[{"count":19,"href":"https:\/\/weebly.com.ar\/demo6\/wp-json\/wp\/v2\/pages\/18830\/revisions"}],"predecessor-version":[{"id":18866,"href":"https:\/\/weebly.com.ar\/demo6\/wp-json\/wp\/v2\/pages\/18830\/revisions\/18866"}],"wp:attachment":[{"href":"https:\/\/weebly.com.ar\/demo6\/wp-json\/wp\/v2\/media?parent=18830"}],"curies":[{"name":"wp","href":"https:\/\/api.w.org\/{rel}","templated":true}]}}