{"id":1463,"date":"2023-11-29T20:16:26","date_gmt":"2023-11-29T20:16:26","guid":{"rendered":"https:\/\/weebly.com.ar\/demo6\/?page_id=1463"},"modified":"2025-11-24T13:52:17","modified_gmt":"2025-11-24T13:52:17","slug":"blog","status":"publish","type":"page","link":"https:\/\/weebly.com.ar\/demo6\/blog\/","title":{"rendered":"Blog"},"content":{"rendered":"\t\t<div data-elementor-type=\"wp-page\" data-elementor-id=\"1463\" class=\"elementor elementor-1463\">\n\t\t\t\t<div class=\"elementor-element elementor-element-d446ace e-flex e-con-boxed e-con e-parent\" data-id=\"d446ace\" data-element_type=\"container\" data-e-type=\"container\" data-settings=\"{&quot;background_background&quot;:&quot;classic&quot;}\">\n\t\t\t\t\t<div class=\"e-con-inner\">\n\t\t<div class=\"elementor-element elementor-element-71a9d64 e-con-full e-flex e-con e-child\" data-id=\"71a9d64\" data-element_type=\"container\" data-e-type=\"container\">\n\t\t\t\t<div class=\"elementor-element elementor-element-e40d5c8 elementor-widget elementor-widget-heading\" data-id=\"e40d5c8\" data-element_type=\"widget\" data-e-type=\"widget\" data-widget_type=\"heading.default\">\n\t\t\t\t<div class=\"elementor-widget-container\">\n\t\t\t\t\t<h1 class=\"elementor-heading-title elementor-size-default\">Prensa<\/h1>\t\t\t\t<\/div>\n\t\t\t\t<\/div>\n\t\t\t\t<\/div>\n\t\t\t\t\t<\/div>\n\t\t\t\t<\/div>\n\t\t<div class=\"elementor-element elementor-element-3b8b209 e-flex e-con-boxed e-con e-parent\" data-id=\"3b8b209\" data-element_type=\"container\" data-e-type=\"container\" data-settings=\"{&quot;background_background&quot;:&quot;classic&quot;}\">\n\t\t\t\t\t<div class=\"e-con-inner\">\n\t\t<div class=\"elementor-element elementor-element-2bee5f5 e-con-full e-flex e-con e-child\" data-id=\"2bee5f5\" data-element_type=\"container\" data-e-type=\"container\">\n\t\t\t\t<div class=\"elementor-element elementor-element-386f065 elementor-widget elementor-widget-heading\" data-id=\"386f065\" data-element_type=\"widget\" data-e-type=\"widget\" data-widget_type=\"heading.default\">\n\t\t\t\t<div class=\"elementor-widget-container\">\n\t\t\t\t\t<h6 class=\"elementor-heading-title elementor-size-default\">Datos y notas de inter\u00e9s<\/h6>\t\t\t\t<\/div>\n\t\t\t\t<\/div>\n\t\t\t\t<div class=\"elementor-element elementor-element-159a9a0 elementor-widget elementor-widget-heading\" data-id=\"159a9a0\" data-element_type=\"widget\" data-e-type=\"widget\" data-widget_type=\"heading.default\">\n\t\t\t\t<div class=\"elementor-widget-container\">\n\t\t\t\t\t<h2 class=\"elementor-heading-title elementor-size-default\">Actualidad, avances y tecnolog\u00eda aplicada a la log\u00edstica de semillas.<\/h2>\t\t\t\t<\/div>\n\t\t\t\t<\/div>\n\t\t\t\t<\/div>\n\t\t\t\t\t<\/div>\n\t\t\t\t<\/div>\n\t\t<div class=\"elementor-element elementor-element-a1f47cd e-flex e-con-boxed e-con e-parent\" data-id=\"a1f47cd\" data-element_type=\"container\" data-e-type=\"container\" data-settings=\"{&quot;background_background&quot;:&quot;classic&quot;}\">\n\t\t\t\t\t<div class=\"e-con-inner\">\n\t\t\t\t<div class=\"elementor-element elementor-element-b4c533c elementor-grid-eael-col-3 elementor-grid-tablet-eael-col-2 elementor-grid-mobile-eael-col-1 elementor-widget elementor-widget-eael-post-grid\" data-id=\"b4c533c\" data-element_type=\"widget\" data-e-type=\"widget\" data-settings=\"{&quot;eael_post_grid_columns&quot;:&quot;eael-col-3&quot;,&quot;eael_post_grid_columns_tablet&quot;:&quot;eael-col-2&quot;,&quot;eael_post_grid_columns_mobile&quot;:&quot;eael-col-1&quot;}\" data-widget_type=\"eael-post-grid.default\">\n\t\t\t\t<div class=\"elementor-widget-container\">\n\t\t\t\t\t<div id=\"eael-post-grid-b4c533c\" class=\"eael-post-grid-container\">\n            <div class=\"eael-post-grid eael-post-appender eael-post-appender-b4c533c eael-post-grid-style-one\" data-layout-mode=\"grid\"><article class=\"eael-grid-post  eael-post-grid-column eael-pg-post-18789 category-novedades\" data-id=\"18789\">\n        <div class=\"eael-grid-post-holder\">\n            <div class=\"eael-grid-post-holder-inner\"><div class=\"eael-entry-media\"><div class=\"eael-entry-overlay fade-in\"><i class=\"fas fa-long-arrow-alt-right\" aria-hidden=\"true\"><\/i><a href=\"https:\/\/weebly.com.ar\/demo6\/alianza-estrategica-con-desarrolladores-de-software-tableros-de-seguimiento-mas-potentes\/\"><\/a><\/div><div class=\"eael-entry-thumbnail \">\n                <img fetchpriority=\"high\" decoding=\"async\" width=\"300\" height=\"300\" src=\"https:\/\/weebly.com.ar\/demo6\/wp-content\/uploads\/2025\/11\/Nota-3-300x300.webp\" class=\"attachment-medium size-medium wp-image-18790\" alt=\"\" srcset=\"https:\/\/weebly.com.ar\/demo6\/wp-content\/uploads\/2025\/11\/Nota-3-300x300.webp 300w, https:\/\/weebly.com.ar\/demo6\/wp-content\/uploads\/2025\/11\/Nota-3-150x150.webp 150w, https:\/\/weebly.com.ar\/demo6\/wp-content\/uploads\/2025\/11\/Nota-3.webp 600w\" sizes=\"(max-width: 300px) 100vw, 300px\" \/>\n            <\/div>\n        <\/div><div class=\"eael-entry-wrapper\"><header class=\"eael-entry-header\"><h2 class=\"eael-entry-title\"><a class=\"eael-grid-post-link\" href=\"https:\/\/weebly.com.ar\/demo6\/alianza-estrategica-con-desarrolladores-de-software-tableros-de-seguimiento-mas-potentes\/\" title=\"Alianza estrat\u00e9gica con desarrolladores de software: tableros de seguimiento m\u00e1s potentes\">Alianza estrat\u00e9gica con desarrolladores de software: tableros de seguimiento m\u00e1s potentes<\/a><\/h2><\/header><div class=\"eael-entry-content\">\n                        <div class=\"eael-grid-post-excerpt\"><p>Konstruct W+ L\u00a0 firm\u00f3 un acuerdo de colaboraci\u00f3n con un...<\/p><a href=\"https:\/\/weebly.com.ar\/demo6\/alianza-estrategica-con-desarrolladores-de-software-tableros-de-seguimiento-mas-potentes\/\" class=\"eael-post-elements-readmore-btn\">Leer m\u00e1s<\/a><\/div>\n                    <\/div><\/div><\/div>\n        <\/div>\n    <\/article><article class=\"eael-grid-post  eael-post-grid-column eael-pg-post-18785 category-novedades\" data-id=\"18785\">\n        <div class=\"eael-grid-post-holder\">\n            <div class=\"eael-grid-post-holder-inner\"><div class=\"eael-entry-media\"><div class=\"eael-entry-overlay fade-in\"><i class=\"fas fa-long-arrow-alt-right\" aria-hidden=\"true\"><\/i><a href=\"https:\/\/weebly.com.ar\/demo6\/nueva-linea-de-servicios-ensacado-paletizado-y-rotulado-para-semillas-de-campana-2025\/\"><\/a><\/div><div class=\"eael-entry-thumbnail \">\n                <img decoding=\"async\" width=\"300\" height=\"300\" src=\"https:\/\/weebly.com.ar\/demo6\/wp-content\/uploads\/2025\/11\/novedadess-300x300.webp\" class=\"attachment-medium size-medium wp-image-18786\" alt=\"\" srcset=\"https:\/\/weebly.com.ar\/demo6\/wp-content\/uploads\/2025\/11\/novedadess-300x300.webp 300w, https:\/\/weebly.com.ar\/demo6\/wp-content\/uploads\/2025\/11\/novedadess-150x150.webp 150w, https:\/\/weebly.com.ar\/demo6\/wp-content\/uploads\/2025\/11\/novedadess.webp 600w\" sizes=\"(max-width: 300px) 100vw, 300px\" \/>\n            <\/div>\n        <\/div><div class=\"eael-entry-wrapper\"><header class=\"eael-entry-header\"><h2 class=\"eael-entry-title\"><a class=\"eael-grid-post-link\" href=\"https:\/\/weebly.com.ar\/demo6\/nueva-linea-de-servicios-ensacado-paletizado-y-rotulado-para-semillas-de-campana-2025\/\" title=\"Nueva l\u00ednea de servicios: ensacado, paletizado y rotulado para semillas de campa\u00f1a 2025\">Nueva l\u00ednea de servicios: ensacado, paletizado y rotulado para semillas de campa\u00f1a 2025<\/a><\/h2><\/header><div class=\"eael-entry-content\">\n                        <div class=\"eael-grid-post-excerpt\"><p>En respuesta al crecimiento del volumen operado y a la...<\/p><a href=\"https:\/\/weebly.com.ar\/demo6\/nueva-linea-de-servicios-ensacado-paletizado-y-rotulado-para-semillas-de-campana-2025\/\" class=\"eael-post-elements-readmore-btn\">Leer m\u00e1s<\/a><\/div>\n                    <\/div><\/div><\/div>\n        <\/div>\n    <\/article><article class=\"eael-grid-post  eael-post-grid-column eael-pg-post-18782 category-novedades\" data-id=\"18782\">\n        <div class=\"eael-grid-post-holder\">\n            <div class=\"eael-grid-post-holder-inner\"><div class=\"eael-entry-media\"><div class=\"eael-entry-overlay fade-in\"><i class=\"fas fa-long-arrow-alt-right\" aria-hidden=\"true\"><\/i><a href=\"https:\/\/weebly.com.ar\/demo6\/konstruct-w-l-incorpora-nuevos-sistemas-de-monitoreo-ambiental-para-depositos-de-semillas\/\"><\/a><\/div><div class=\"eael-entry-thumbnail \">\n                <img decoding=\"async\" width=\"300\" height=\"200\" src=\"https:\/\/weebly.com.ar\/demo6\/wp-content\/uploads\/2025\/11\/Novedades-300x200.webp\" class=\"attachment-medium size-medium wp-image-18783\" alt=\"\" srcset=\"https:\/\/weebly.com.ar\/demo6\/wp-content\/uploads\/2025\/11\/Novedades-300x200.webp 300w, https:\/\/weebly.com.ar\/demo6\/wp-content\/uploads\/2025\/11\/Novedades.webp 600w\" sizes=\"(max-width: 300px) 100vw, 300px\" \/>\n            <\/div>\n        <\/div><div class=\"eael-entry-wrapper\"><header class=\"eael-entry-header\"><h2 class=\"eael-entry-title\"><a class=\"eael-grid-post-link\" href=\"https:\/\/weebly.com.ar\/demo6\/konstruct-w-l-incorpora-nuevos-sistemas-de-monitoreo-ambiental-para-depositos-de-semillas\/\" title=\"Konstruct W + L incorpora nuevos sistemas de monitoreo ambiental para dep\u00f3sitos de semillas\">Konstruct W + L incorpora nuevos sistemas de monitoreo ambiental para dep\u00f3sitos de semillas<\/a><\/h2><\/header><div class=\"eael-entry-content\">\n                        <div class=\"eael-grid-post-excerpt\"><p>Con el objetivo de elevar a\u00fan m\u00e1s los est\u00e1ndares de...<\/p><a href=\"https:\/\/weebly.com.ar\/demo6\/konstruct-w-l-incorpora-nuevos-sistemas-de-monitoreo-ambiental-para-depositos-de-semillas\/\" class=\"eael-post-elements-readmore-btn\">Leer m\u00e1s<\/a><\/div>\n                    <\/div><\/div><\/div>\n        <\/div>\n    <\/article><\/div>\n            <div class=\"clearfix\"><\/div>\n        <\/div>\t\t\t\t<\/div>\n\t\t\t\t<\/div>\n\t\t\t\t\t<\/div>\n\t\t\t\t<\/div>\n\t\t\t\t<\/div>\n\t\t","protected":false},"excerpt":{"rendered":"<p>Prensa Datos y notas de inter\u00e9s Actualidad, avances y tecnolog\u00eda aplicada a la log\u00edstica de semillas. Alianza estrat\u00e9gica con desarrolladores de software: tableros de seguimiento m\u00e1s potentes Konstruct W+ L\u00a0 firm\u00f3 un acuerdo de colaboraci\u00f3n con un&#8230; Leer m\u00e1s Nueva l\u00ednea de servicios: ensacado, paletizado y rotulado para semillas de campa\u00f1a 2025 En respuesta al [&hellip;]<\/p>\n","protected":false},"author":2,"featured_media":0,"parent":0,"menu_order":0,"comment_status":"closed","ping_status":"closed","template":"","meta":{"site-sidebar-layout":"no-sidebar","site-content-layout":"page-builder","ast-site-content-layout":"full-width-container","site-content-style":"unboxed","site-sidebar-style":"unboxed","ast-global-header-display":"","ast-banner-title-visibility":"","ast-main-header-display":"","ast-hfb-above-header-display":"","ast-hfb-below-header-display":"","ast-hfb-mobile-header-display":"","site-post-title":"disabled","ast-breadcrumbs-content":"disabled","ast-featured-img":"disabled","footer-sml-layout":"","ast-disable-related-posts":"","theme-transparent-header-meta":"enabled","adv-header-id-meta":"","stick-header-meta":"","header-above-stick-meta":"","header-main-stick-meta":"","header-below-stick-meta":"","astra-migrate-meta-layouts":"set","ast-page-background-enabled":"default","ast-page-background-meta":{"desktop":{"background-color":"var(--ast-global-color-4)","background-image":"","background-repeat":"repeat","background-position":"center center","background-size":"auto","background-attachment":"scroll","background-type":"","background-media":"","overlay-type":"","overlay-color":"","overlay-opacity":"","overlay-gradient":""},"tablet":{"background-color":"","background-image":"","background-repeat":"repeat","background-position":"center center","background-size":"auto","background-attachment":"scroll","background-type":"","background-media":"","overlay-type":"","overlay-color":"","overlay-opacity":"","overlay-gradient":""},"mobile":{"background-color":"","background-image":"","background-repeat":"repeat","background-position":"center center","background-size":"auto","background-attachment":"scroll","background-type":"","background-media":"","overlay-type":"","overlay-color":"","overlay-opacity":"","overlay-gradient":""}},"ast-content-background-meta":{"desktop":{"background-color":"var(--ast-global-color-5)","background-image":"","background-repeat":"repeat","background-position":"center center","background-size":"auto","background-attachment":"scroll","background-type":"","background-media":"","overlay-type":"","overlay-color":"","overlay-opacity":"","overlay-gradient":""},"tablet":{"background-color":"var(--ast-global-color-5)","background-image":"","background-repeat":"repeat","background-position":"center center","background-size":"auto","background-attachment":"scroll","background-type":"","background-media":"","overlay-type":"","overlay-color":"","overlay-opacity":"","overlay-gradient":""},"mobile":{"background-color":"var(--ast-global-color-5)","background-image":"","background-repeat":"repeat","background-position":"center center","background-size":"auto","background-attachment":"scroll","background-type":"","background-media":"","overlay-type":"","overlay-color":"","overlay-opacity":"","overlay-gradient":""}},"footnotes":""},"class_list":["post-1463","page","type-page","status-publish","hentry"],"_links":{"self":[{"href":"https:\/\/weebly.com.ar\/demo6\/wp-json\/wp\/v2\/pages\/1463","targetHints":{"allow":["GET"]}}],"collection":[{"href":"https:\/\/weebly.com.ar\/demo6\/wp-json\/wp\/v2\/pages"}],"about":[{"href":"https:\/\/weebly.com.ar\/demo6\/wp-json\/wp\/v2\/types\/page"}],"author":[{"embeddable":true,"href":"https:\/\/weebly.com.ar\/demo6\/wp-json\/wp\/v2\/users\/2"}],"replies":[{"embeddable":true,"href":"https:\/\/weebly.com.ar\/demo6\/wp-json\/wp\/v2\/comments?post=1463"}],"version-history":[{"count":47,"href":"https:\/\/weebly.com.ar\/demo6\/wp-json\/wp\/v2\/pages\/1463\/revisions"}],"predecessor-version":[{"id":18881,"href":"https:\/\/weebly.com.ar\/demo6\/wp-json\/wp\/v2\/pages\/1463\/revisions\/18881"}],"wp:attachment":[{"href":"https:\/\/weebly.com.ar\/demo6\/wp-json\/wp\/v2\/media?parent=1463"}],"curies":[{"name":"wp","href":"https:\/\/api.w.org\/{rel}","templated":true}]}}